{"id":71,"date":"2022-04-21T22:23:43","date_gmt":"2022-04-21T22:23:43","guid":{"rendered":"https:\/\/vos.la\/?page_id=71"},"modified":"2024-06-24T11:14:00","modified_gmt":"2024-06-24T11:14:00","slug":"vos-proyects","status":"publish","type":"page","link":"https:\/\/vos.la\/?page_id=71","title":{"rendered":"Proyectos"},"content":{"rendered":"\t\t<div data-elementor-type=\"wp-page\" data-elementor-id=\"71\" class=\"elementor elementor-71\" data-elementor-settings=\"[]\">\n\t\t\t\t\t\t\t<div class=\"elementor-section-wrap\">\n\t\t\t\t\t\t\t<section class=\"elementor-section elementor-top-section elementor-element elementor-element-d617dfd elementor-section-boxed elementor-section-height-default elementor-section-height-default\" data-id=\"d617dfd\" data-element_type=\"section\">\n\t\t\t\t\t\t<div class=\"elementor-container elementor-column-gap-default\">\n\t\t\t\t\t<div class=\"elementor-column elementor-col-100 elementor-top-column elementor-element elementor-element-dd7ea2a\" data-id=\"dd7ea2a\" data-element_type=\"column\">\n\t\t\t<div class=\"elementor-widget-wrap elementor-element-populated\">\n\t\t\t\t\t\t\t\t<div class=\"elementor-element elementor-element-726f0ef elementor-widget elementor-widget-progress\" data-id=\"726f0ef\" data-element_type=\"widget\" data-widget_type=\"progress.default\">\n\t\t\t\t<div class=\"elementor-widget-container\">\n\t\t\t\t\t\t<span class=\"elementor-title\">Agergale Marketing con nuestros proyectos  para aumentar tus ventas. <\/span>\n\t\t\n\t\t<div class=\"elementor-progress-wrapper\" role=\"progressbar\" aria-valuemin=\"0\" aria-valuemax=\"100\" aria-valuenow=\"49\" aria-valuetext=\"SUMALE CONTENIDO\">\n\t\t\t<div class=\"elementor-progress-bar\" data-max=\"49\">\n\t\t\t\t<span class=\"elementor-progress-text\">SUMALE CONTENIDO<\/span>\n\t\t\t\t\t\t\t\t\t<span class=\"elementor-progress-percentage\">49%<\/span>\n\t\t\t\t\t\t\t<\/div>\n\t\t<\/div>\n\t\t\t\t<\/div>\n\t\t\t\t<\/div>\n\t\t\t\t<div class=\"elementor-element elementor-element-5cc58fe elementor-align-center elementor-widget elementor-widget-button\" data-id=\"5cc58fe\" data-element_type=\"widget\" data-widget_type=\"button.default\">\n\t\t\t\t<div class=\"elementor-widget-container\">\n\t\t\t\t\t<div class=\"elementor-button-wrapper\">\n\t\t\t<a href=\"https:\/\/vos.la\/?page_id=52\" class=\"elementor-button-link elementor-button elementor-size-sm\" role=\"button\">\n\t\t\t\t\t\t<span class=\"elementor-button-content-wrapper\">\n\t\t\t\t\t\t<span class=\"elementor-button-text\">SEGUI AVANZANDO >>><\/span>\n\t\t<\/span>\n\t\t\t\t\t<\/a>\n\t\t<\/div>\n\t\t\t\t<\/div>\n\t\t\t\t<\/div>\n\t\t\t\t\t<\/div>\n\t\t<\/div>\n\t\t\t\t\t\t\t<\/div>\n\t\t<\/section>\n\t\t\t\t<section class=\"elementor-section elementor-top-section elementor-element elementor-element-13a5307 elementor-section-boxed elementor-section-height-default elementor-section-height-default\" data-id=\"13a5307\" data-element_type=\"section\">\n\t\t\t\t\t\t<div class=\"elementor-container elementor-column-gap-default\">\n\t\t\t\t\t<div class=\"elementor-column elementor-col-100 elementor-top-column elementor-element elementor-element-78ae266\" data-id=\"78ae266\" data-element_type=\"column\">\n\t\t\t<div class=\"elementor-widget-wrap elementor-element-populated\">\n\t\t\t\t\t\t\t\t<div class=\"elementor-element elementor-element-c7e5d8b elementor-widget elementor-widget-heading\" data-id=\"c7e5d8b\" data-element_type=\"widget\" data-widget_type=\"heading.default\">\n\t\t\t\t<div class=\"elementor-widget-container\">\n\t\t\t<h2 class=\"elementor-heading-title elementor-size-default\">3. Arma tu campa\u00f1a de marketing<\/h2>\t\t<\/div>\n\t\t\t\t<\/div>\n\t\t\t\t<div class=\"elementor-element elementor-element-38465ca elementor-tabs-view-horizontal elementor-widget elementor-widget-tabs\" data-id=\"38465ca\" data-element_type=\"widget\" data-widget_type=\"tabs.default\">\n\t\t\t\t<div class=\"elementor-widget-container\">\n\t\t\t\t\t<div class=\"elementor-tabs\">\n\t\t\t<div class=\"elementor-tabs-wrapper\" role=\"tablist\" >\n\t\t\t\t\t\t\t\t\t<div id=\"elementor-tab-title-5901\" class=\"elementor-tab-title elementor-tab-desktop-title\" aria-selected=\"true\" data-tab=\"1\" role=\"tab\" tabindex=\"0\" aria-controls=\"elementor-tab-content-5901\" aria-expanded=\"false\">PUBLICIDADES<\/div>\n\t\t\t\t\t\t\t\t\t<div id=\"elementor-tab-title-5902\" class=\"elementor-tab-title elementor-tab-desktop-title\" aria-selected=\"false\" data-tab=\"2\" role=\"tab\" tabindex=\"-1\" aria-controls=\"elementor-tab-content-5902\" aria-expanded=\"false\">ARTICULOS<\/div>\n\t\t\t\t\t\t\t\t\t<div id=\"elementor-tab-title-5903\" class=\"elementor-tab-title elementor-tab-desktop-title\" aria-selected=\"false\" data-tab=\"3\" role=\"tab\" tabindex=\"-1\" aria-controls=\"elementor-tab-content-5903\" aria-expanded=\"false\">PROGRAMAS<\/div>\n\t\t\t\t\t\t\t\t\t<div id=\"elementor-tab-title-5904\" class=\"elementor-tab-title elementor-tab-desktop-title\" aria-selected=\"false\" data-tab=\"4\" role=\"tab\" tabindex=\"-1\" aria-controls=\"elementor-tab-content-5904\" aria-expanded=\"false\">ARTISTICAS<\/div>\n\t\t\t\t\t\t\t\t\t<div id=\"elementor-tab-title-5905\" class=\"elementor-tab-title elementor-tab-desktop-title\" aria-selected=\"false\" data-tab=\"5\" role=\"tab\" tabindex=\"-1\" aria-controls=\"elementor-tab-content-5905\" aria-expanded=\"false\">VLOGS<\/div>\n\t\t\t\t\t\t\t\t\t<div id=\"elementor-tab-title-5906\" class=\"elementor-tab-title elementor-tab-desktop-title\" aria-selected=\"false\" data-tab=\"6\" role=\"tab\" tabindex=\"-1\" aria-controls=\"elementor-tab-content-5906\" aria-expanded=\"false\">EVENTOS<\/div>\n\t\t\t\t\t\t\t<\/div>\n\t\t\t<div class=\"elementor-tabs-content-wrapper\" role=\"tablist\" aria-orientation=\"vertical\">\n\t\t\t\t\t\t\t\t\t<div class=\"elementor-tab-title elementor-tab-mobile-title\" aria-selected=\"true\" data-tab=\"1\" role=\"tab\" tabindex=\"0\" aria-controls=\"elementor-tab-content-5901\" aria-expanded=\"false\">PUBLICIDADES<\/div>\n\t\t\t\t\t<div id=\"elementor-tab-content-5901\" class=\"elementor-tab-content elementor-clearfix\" data-tab=\"1\" role=\"tabpanel\" aria-labelledby=\"elementor-tab-title-5901\" tabindex=\"0\" hidden=\"false\"><p><strong>Publicita ya<\/strong> en nuestros Medios VOS, (Incluye Producci\u00f3n Audiovisual):<\/p><ul><li>Televisi\u00f3n VOS (SPOT 15 Segundos)<\/li><li>Radio VOS (SPOT 20 Segundos)<\/li><li>Diario VOS (1 Articulo)<\/li><\/ul><\/div>\n\t\t\t\t\t\t\t\t\t<div class=\"elementor-tab-title elementor-tab-mobile-title\" aria-selected=\"false\" data-tab=\"2\" role=\"tab\" tabindex=\"-1\" aria-controls=\"elementor-tab-content-5902\" aria-expanded=\"false\">ARTICULOS<\/div>\n\t\t\t\t\t<div id=\"elementor-tab-content-5902\" class=\"elementor-tab-content elementor-clearfix\" data-tab=\"2\" role=\"tabpanel\" aria-labelledby=\"elementor-tab-title-5902\" tabindex=\"0\" hidden=\"hidden\"><p>Art\u00edculos de Tecnolog\u00eda acompa\u00f1ados de V\u00eddeos preparados ya para tu Blog , Peri\u00f3dico u otro.<\/p><p data-sourcepos=\"3:1-3:87\"><strong>\u00bfBuscas contenido informativo y atractivo ?<\/strong><\/p><p data-sourcepos=\"5:1-5:116\">Te ofrecemos un servicio completo de art\u00edculos con videos que combinan informaci\u00f3n precisa.<\/p><p data-sourcepos=\"7:1-7:45\"><strong>Nuestro equipo de expertos<\/strong> crea contenido original y adaptado a tu p\u00fablico objetivo, utilizando t\u00e9cnicas de storytelling y edici\u00f3n de video de \u00faltima generaci\u00f3n.<\/p><p data-sourcepos=\"9:1-9:33\"><strong>Con nuestro servicio, podr\u00e1s:<\/strong><\/p><ul data-sourcepos=\"11:1-13:12\"><li data-sourcepos=\"11:1-11:70\"><strong>Atraer y fidelizar a tu audiencia<\/strong> con contenido de alta calidad.<\/li><li data-sourcepos=\"12:1-12:62\"><strong>Posicionarte como un referente<\/strong> en el \u00e1mbito.<\/li><li data-sourcepos=\"13:1-13:12\"><strong>Aumentar el tr\u00e1fico en tu sitio web o blog<\/strong>.<\/li><li data-sourcepos=\"14:1-15:0\"><strong>Mejorar tu presencia en redes sociales<\/strong>.<\/li><\/ul><\/div>\n\t\t\t\t\t\t\t\t\t<div class=\"elementor-tab-title elementor-tab-mobile-title\" aria-selected=\"false\" data-tab=\"3\" role=\"tab\" tabindex=\"-1\" aria-controls=\"elementor-tab-content-5903\" aria-expanded=\"false\">PROGRAMAS<\/div>\n\t\t\t\t\t<div id=\"elementor-tab-content-5903\" class=\"elementor-tab-content elementor-clearfix\" data-tab=\"3\" role=\"tabpanel\" aria-labelledby=\"elementor-tab-title-5903\" tabindex=\"0\" hidden=\"hidden\"><p>Compra nuestros programa enlatados para transmitirlos con tu medio y marca.<\/p><p><strong>Programas de Radio:<\/strong><\/p><ul><li>Notivos Informativo<\/li><li>Deportivos<\/li><li>Time NQN<\/li><\/ul><p><strong>Programas de TV:<\/strong><\/p><ul><li>Avances Tecnol\u00f3gicos<\/li><li>Relax Patagonia<\/li><\/ul><\/div>\n\t\t\t\t\t\t\t\t\t<div class=\"elementor-tab-title elementor-tab-mobile-title\" aria-selected=\"false\" data-tab=\"4\" role=\"tab\" tabindex=\"-1\" aria-controls=\"elementor-tab-content-5904\" aria-expanded=\"false\">ARTISTICAS<\/div>\n\t\t\t\t\t<div id=\"elementor-tab-content-5904\" class=\"elementor-tab-content elementor-clearfix\" data-tab=\"4\" role=\"tabpanel\" aria-labelledby=\"elementor-tab-title-5904\" tabindex=\"0\" hidden=\"hidden\"><p><strong>Packs Artisticos de Radio o Tv:<\/strong> Personalizaci\u00f3n: Nombre de la Radio \u2013 Dial \u2013 Slogan \u2013 Todos los contactos (Tel\u00e9fonos, Email, Redes Sociales).<\/p><ul><li><strong>Pack Timing<\/strong>. (Sin Personalizaci\u00f3n)<\/li><li><strong>Pack FEM<\/strong> Voz de Mujer\u00a0<\/li><li><strong>Pack MEN<\/strong> Voz de Varon.<\/li><\/ul><div><strong>Pack Jingles<\/strong> Tanto artisticos como comerciales, usted puede sumar Jingles de alto impacto a los mejores precios del mercado! Podemos producir covers, piezas exclusivas, de cualquier tipo y genero.<\/div><div>\u00a0<\/div><ul><li class=\"object-non-visible animated object-visible fadeInUpSmall\" data-animation-effect=\"fadeInUpSmall\">\u00a0Jingles pol\u00edticos (consultar precios exclusivos)<\/li><li class=\"object-non-visible animated object-visible fadeInUpSmall\" data-animation-effect=\"fadeInUpSmall\" data-effect-delay=\"100\"><i class=\"icon-check c-default\"><\/i>\u00a0Jingles infantiles<\/li><li class=\"object-non-visible animated object-visible fadeInUpSmall\" data-animation-effect=\"fadeInUpSmall\" data-effect-delay=\"100\"><i class=\"icon-check c-default\"><\/i>\u00a0Jingles de estaci\u00f3n<\/li><li class=\"object-non-visible animated object-visible fadeInUpSmall\" data-animation-effect=\"fadeInUpSmall\" data-effect-delay=\"100\"><i class=\"icon-check c-default\"><\/i>\u00a0Jingles programa de radio<\/li><li class=\"object-non-visible animated object-visible fadeInUpSmall\" data-animation-effect=\"fadeInUpSmall\" data-effect-delay=\"100\"><i class=\"icon-check c-default\"><\/i>\u00a0Jingles a capella<\/li><li class=\"object-non-visible animated object-visible fadeInUpSmall\" data-animation-effect=\"fadeInUpSmall\" data-effect-delay=\"100\"><i class=\"icon-check c-default\"><\/i>\u00a0Jingles covers (clasicos-hits)<\/li><li class=\"object-non-visible animated object-visible fadeInUpSmall\" data-animation-effect=\"fadeInUpSmall\" data-effect-delay=\"100\"><i class=\"icon-check c-default\"><\/i>Pistas\/Karaoke\/mp3<\/li><li class=\"object-non-visible animated object-visible fadeInUpSmall\" data-animation-effect=\"fadeInUpSmall\" data-effect-delay=\"100\"><i class=\"icon-check c-default\"><\/i>\u00a0Composiciones \/ arreglos<\/li><li class=\"object-non-visible animated object-visible fadeInUpSmall\" data-animation-effect=\"fadeInUpSmall\" data-effect-delay=\"100\"><i class=\"icon-check c-default\"><\/i>\u00a0M\u00fasica incidental TV-Radio<\/li><li class=\"object-non-visible animated object-visible fadeInUpSmall\" data-animation-effect=\"fadeInUpSmall\" data-effect-delay=\"100\"><i class=\"icon-check c-default\"><\/i>\u00a0FX (efectos especiales)<\/li><li class=\"object-non-visible animated object-visible fadeInUpSmall\" data-animation-effect=\"fadeInUpSmall\" data-effect-delay=\"100\"><i class=\"icon-check c-default\"><\/i>\u00a0MIDI<\/li><\/ul><\/div>\n\t\t\t\t\t\t\t\t\t<div class=\"elementor-tab-title elementor-tab-mobile-title\" aria-selected=\"false\" data-tab=\"5\" role=\"tab\" tabindex=\"-1\" aria-controls=\"elementor-tab-content-5905\" aria-expanded=\"false\">VLOGS<\/div>\n\t\t\t\t\t<div id=\"elementor-tab-content-5905\" class=\"elementor-tab-content elementor-clearfix\" data-tab=\"5\" role=\"tabpanel\" aria-labelledby=\"elementor-tab-title-5905\" tabindex=\"0\" hidden=\"hidden\"><p data-sourcepos=\"3:1-3:69\"><strong>\u00bfCansado de los mismos formatos de video aburridos y repetitivos?<\/strong><\/p><p data-sourcepos=\"5:1-5:128\">Te presentamos una propuesta innovadora que combina la profundidad de las entrevistas con la frescura y dinamismo de los vlogs.<\/p><p data-sourcepos=\"7:1-7:37\"><strong>Nuestro formato \u00fanico te permite:<\/strong><\/p><ul data-sourcepos=\"9:1-13:0\"><li data-sourcepos=\"9:1-9:56\"><strong>Conectar con tu audiencia<\/strong> a un nivel m\u00e1s profundo.<\/li><li data-sourcepos=\"10:1-10:56\"><strong>Compartir historias inspiradoras y motivacionales.<\/strong><\/li><li data-sourcepos=\"11:1-11:63\"><strong>Promover tu marca o negocio<\/strong> de forma original y efectiva.<\/li><li data-sourcepos=\"12:1-13:0\"><strong>Crear contenido educativo y de entretenimiento<\/strong> de alta calidad.<\/li><\/ul><\/div>\n\t\t\t\t\t\t\t\t\t<div class=\"elementor-tab-title elementor-tab-mobile-title\" aria-selected=\"false\" data-tab=\"6\" role=\"tab\" tabindex=\"-1\" aria-controls=\"elementor-tab-content-5906\" aria-expanded=\"false\">EVENTOS<\/div>\n\t\t\t\t\t<div id=\"elementor-tab-content-5906\" class=\"elementor-tab-content elementor-clearfix\" data-tab=\"6\" role=\"tabpanel\" aria-labelledby=\"elementor-tab-title-5906\" tabindex=\"0\" hidden=\"hidden\"><p data-sourcepos=\"3:1-3:56\"><strong>\u00bfBuscas una forma efectiva de llegar a tu p\u00fablico objetivo y generar impacto?<\/strong><\/p><p data-sourcepos=\"5:1-5:143\">Te ofrecemos un servicio integral de <strong>contenido y patrocinio de eventos<\/strong> que te permitir\u00e1 posicionar tu marca durante todo el a\u00f1o.<\/p><p data-sourcepos=\"7:1-7:66\"><strong>Nuestro equipo de Community Managers expertos<\/strong> se encargar\u00e1 de:<\/p><ul data-sourcepos=\"9:1-13:0\"><li data-sourcepos=\"9:1-9:121\"><strong>Desarrollar una estrategia de contenido personalizada<\/strong> para tu marca, alineada con tus objetivos y p\u00fablico objetivo.<\/li><li data-sourcepos=\"10:1-10:116\"><strong>Crear contenido audiovisual atractivo y de alta calidad<\/strong>, para cada epoca del a\u00f1o, como videos, audios y posts para redes sociales.<\/li><li data-sourcepos=\"11:1-11:123\"><strong>Seleccionar los eventos m\u00e1s relevantes<\/strong> para tu sector y participar con patrocinios que te brinden visibilidad y engagement.<\/li><\/ul><\/div>\n\t\t\t\t\t\t\t<\/div>\n\t\t<\/div>\n\t\t\t\t<\/div>\n\t\t\t\t<\/div>\n\t\t\t\t\t<\/div>\n\t\t<\/div>\n\t\t\t\t\t\t\t<\/div>\n\t\t<\/section>\n\t\t\t\t<section class=\"elementor-section elementor-top-section elementor-element elementor-element-770ff0d elementor-section-boxed elementor-section-height-default elementor-section-height-default\" data-id=\"770ff0d\" data-element_type=\"section\">\n\t\t\t\t\t\t<div class=\"elementor-container elementor-column-gap-default\">\n\t\t\t\t\t<div class=\"elementor-column elementor-col-100 elementor-top-column elementor-element elementor-element-90f80ad\" data-id=\"90f80ad\" data-element_type=\"column\">\n\t\t\t<div class=\"elementor-widget-wrap elementor-element-populated\">\n\t\t\t\t\t\t\t\t<div class=\"elementor-element elementor-element-905ae0e elementor-widget elementor-widget-html\" data-id=\"905ae0e\" data-element_type=\"widget\" data-widget_type=\"html.default\">\n\t\t\t\t<div class=\"elementor-widget-container\">\n\t\t\t<div class=\"powr-video-slider\" id=\"f243b1e5_1650245239\"><\/div><script src=\"https:\/\/www.powr.io\/powr.js?platform=html\"><\/script>\r\n\t\t<\/div>\n\t\t\t\t<\/div>\n\t\t\t\t\t<\/div>\n\t\t<\/div>\n\t\t\t\t\t\t\t<\/div>\n\t\t<\/section>\n\t\t\t\t\t\t<\/div>\n\t\t\t\t\t<\/div>\n\t\t","protected":false},"excerpt":{"rendered":"<p>Agergale Marketing con nuestros proyectos para aumentar tus ventas. SUMALE CONTENIDO 49% SEGUI AVANZANDO >>> 3. Arma tu campa\u00f1a de marketing PUBLICIDADES ARTICULOS PROGRAMAS ARTISTICAS VLOGS EVENTOS PUBLICIDADES Publicita ya en nuestros Medios VOS, (Incluye Producci\u00f3n Audiovisual): Televisi\u00f3n VOS (SPOT 15 Segundos) Radio VOS (SPOT 20 Segundos) Diario VOS (1 Articulo) ARTICULOS Art\u00edculos de Tecnolog\u00eda [&hellip;]<\/p>\n","protected":false},"author":1,"featured_media":0,"parent":0,"menu_order":0,"comment_status":"closed","ping_status":"closed","template":"","meta":{"footnotes":""},"class_list":["post-71","page","type-page","status-publish","hentry"],"_links":{"self":[{"href":"https:\/\/vos.la\/index.php?rest_route=\/wp\/v2\/pages\/71"}],"collection":[{"href":"https:\/\/vos.la\/index.php?rest_route=\/wp\/v2\/pages"}],"about":[{"href":"https:\/\/vos.la\/index.php?rest_route=\/wp\/v2\/types\/page"}],"author":[{"embeddable":true,"href":"https:\/\/vos.la\/index.php?rest_route=\/wp\/v2\/users\/1"}],"replies":[{"embeddable":true,"href":"https:\/\/vos.la\/index.php?rest_route=%2Fwp%2Fv2%2Fcomments&post=71"}],"version-history":[{"count":49,"href":"https:\/\/vos.la\/index.php?rest_route=\/wp\/v2\/pages\/71\/revisions"}],"predecessor-version":[{"id":347,"href":"https:\/\/vos.la\/index.php?rest_route=\/wp\/v2\/pages\/71\/revisions\/347"}],"wp:attachment":[{"href":"https:\/\/vos.la\/index.php?rest_route=%2Fwp%2Fv2%2Fmedia&parent=71"}],"curies":[{"name":"wp","href":"https:\/\/api.w.org\/{rel}","templated":true}]}}